{"id":720,"date":"2020-11-20T15:02:39","date_gmt":"2020-11-20T15:02:39","guid":{"rendered":"http:\/\/dropsandsparks.com\/about\/"},"modified":"2021-08-30T19:01:40","modified_gmt":"2021-08-30T17:01:40","slug":"about","status":"publish","type":"page","link":"https:\/\/dropsandsparks.com\/pl\/about\/","title":{"rendered":"About"},"content":{"rendered":"<p>Naszym najg\u0142\u0119bszym przekonaniem jest to, \u017ce natura kryje w sobie niesamowite zasoby i rozwi\u0105zania dla nas, a wi\u0119kszo\u015b\u0107 ludzi nie jest \u015bwiadoma tych wspania\u0142ych dar\u00f3w. Sami widzieli\u015bmy tak przekonuj\u0105ce rezultaty, stosuj\u0105c olejki eteryczne i produkty Young Living, \u017ce chcemy podzieli\u0107 si\u0119 naszym do\u015bwiadczeniem.<\/p>\n<p>Dobre samopoczucie i witalno\u015b\u0107 nie powstaj\u0105 z dnia na dzie\u0144, lecz poprzez styl \u017cycia. To ma\u0142e codzienne wybory, kt\u00f3re robi\u0105 r\u00f3\u017cnic\u0119 w naszych cia\u0142ach i umys\u0142ach. Poka\u017cemy Ci skuteczn\u0105 i nowoczesn\u0105 drog\u0119 do rewolucji wellness i stylu \u017cycia opartego na naturze.<\/p>\n<p>Tworzymy i prowadzimy szkolenia, wydarzenia i spo\u0142eczno\u015bci na ten temat dla ludzi podobnie my\u015bl\u0105cych, kt\u00f3rzy pragn\u0105 dobrego i sensownego \u017cycia, dobrego samopoczucia i zdrowia. Chcemy zainspirowa\u0107 Ci\u0119 do Whole-Body-Wellness poprzez udost\u0119pnianie zasob\u00f3w natury i dzielenie si\u0119 naszymi do\u015bwiadczeniami w zakresie stosowania.<\/p>\n","protected":false},"excerpt":{"rendered":"<p>Naszym najg\u0142\u0119bszym przekonaniem jest to, \u017ce natura kryje w sobie niesamowite zasoby i rozwi\u0105zania dla nas, a wi\u0119kszo\u015b\u0107 ludzi nie jest \u015bwiadoma tych wspania\u0142ych dar\u00f3w. Sami widzieli\u015bmy tak przekonuj\u0105ce rezultaty, stosuj\u0105c olejki eteryczne i produkty Young Living, \u017ce chcemy podzieli\u0107 si\u0119 naszym do\u015bwiadczeniem. Dobre samopoczucie i witalno\u015b\u0107 nie powstaj\u0105 z dnia na dzie\u0144, lecz poprzez [&hellip;]<\/p>\n","protected":false},"author":7453152,"featured_media":0,"parent":0,"menu_order":0,"comment_status":"closed","ping_status":"closed","template":"templates\/about_tpl.php","meta":{"_acf_changed":false,"footnotes":""},"class_list":["post-720","page","type-page","status-publish","hentry"],"acf":[],"_links":{"self":[{"href":"https:\/\/dropsandsparks.com\/pl\/wp-json\/wp\/v2\/pages\/720","targetHints":{"allow":["GET"]}}],"collection":[{"href":"https:\/\/dropsandsparks.com\/pl\/wp-json\/wp\/v2\/pages"}],"about":[{"href":"https:\/\/dropsandsparks.com\/pl\/wp-json\/wp\/v2\/types\/page"}],"author":[{"embeddable":true,"href":"https:\/\/dropsandsparks.com\/pl\/wp-json\/wp\/v2\/users\/7453152"}],"replies":[{"embeddable":true,"href":"https:\/\/dropsandsparks.com\/pl\/wp-json\/wp\/v2\/comments?post=720"}],"version-history":[{"count":5,"href":"https:\/\/dropsandsparks.com\/pl\/wp-json\/wp\/v2\/pages\/720\/revisions"}],"predecessor-version":[{"id":2208,"href":"https:\/\/dropsandsparks.com\/pl\/wp-json\/wp\/v2\/pages\/720\/revisions\/2208"}],"wp:attachment":[{"href":"https:\/\/dropsandsparks.com\/pl\/wp-json\/wp\/v2\/media?parent=720"}],"curies":[{"name":"wp","href":"https:\/\/api.w.org\/{rel}","templated":true}]}}